{"id":26848,"date":"2025-12-06T15:31:56","date_gmt":"2025-12-06T15:31:56","guid":{"rendered":"https:\/\/theglute.shop\/?page_id=26848"},"modified":"2026-03-09T10:45:44","modified_gmt":"2026-03-09T10:45:44","slug":"trial","status":"publish","type":"page","link":"https:\/\/theglute.shop\/es\/trial\/","title":{"rendered":"Free Day Pass"},"content":{"rendered":"<div data-elementor-type=\"wp-page\" data-elementor-id=\"26848\" class=\"elementor elementor-26848\" data-elementor-post-type=\"page\">\n\t\t\t\t<div class=\"elementor-element elementor-element-bae94eb e-flex e-con-boxed e-con e-parent\" data-id=\"bae94eb\" data-element_type=\"container\" data-e-type=\"container\">\n\t\t\t\t\t<div class=\"e-con-inner\">\n\t\t\t\t<div class=\"elementor-element elementor-element-68aee59 elementor-widget elementor-widget-text-editor\" data-id=\"68aee59\" data-element_type=\"widget\" data-e-type=\"widget\" data-widget_type=\"text-editor.default\">\n\t\t\t\t<div class=\"elementor-widget-container\">\n\t\t\t\t\t\t\t\t\t<h4>Ven a probar The Glute Shop gratis y enam\u00f3rate del ardor en los gl\u00fateos despu\u00e9s del entrenamiento.<\/h4>\t\t\t\t\t\t\t\t<\/div>\n\t\t\t\t<\/div>\n\t\t\t\t<div class=\"elementor-element elementor-element-0eeac15 elementor-widget elementor-widget-text-editor\" data-id=\"0eeac15\" data-element_type=\"widget\" data-e-type=\"widget\" data-widget_type=\"text-editor.default\">\n\t\t\t\t<div class=\"elementor-widget-container\">\n\t\t\t\t\t\t\t\t\t<h2>Tu Free Day Pass incluye:<\/h2><p>\u2022 1 entrada al gimnasio<\/p><p>\u2022 Uso de todo el equipamiento<\/p>\t\t\t\t\t\t\t\t<\/div>\n\t\t\t\t<\/div>\n\t\t\t\t<div class=\"elementor-element elementor-element-de20983 elementor-widget elementor-widget-text-editor\" data-id=\"de20983\" data-element_type=\"widget\" data-e-type=\"widget\" data-widget_type=\"text-editor.default\">\n\t\t\t\t<div class=\"elementor-widget-container\">\n\t\t\t\t\t\t\t\t\t<h2>C\u00f3mo funciona<\/h2><p>\u2022 Disponible para usar de lunes a jueves<\/p><p>\u2022 En cualquier momento entre las 09:00 y las 16:00<\/p><p>\u2022 Solo acceso al gimnasio, lo sentimos, no incluye clases gratuitas<\/p><p>\u2022 Simplemente env\u00edanos un WhatsApp antes para avisarnos que vas a venir y as\u00ed poder estar listos para recibirte en la puerta<\/p>\t\t\t\t\t\t\t\t<\/div>\n\t\t\t\t<\/div>\n\t\t\t\t<div class=\"elementor-element elementor-element-6bbdf7b elementor-widget elementor-widget-button\" data-id=\"6bbdf7b\" data-element_type=\"widget\" data-e-type=\"widget\" data-widget_type=\"button.default\">\n\t\t\t\t<div class=\"elementor-widget-container\">\n\t\t\t\t\t\t\t\t\t<div class=\"elementor-button-wrapper\">\n\t\t\t\t\t<a class=\"elementor-button elementor-button-link elementor-size-sm\" href=\"https:\/\/the-glute-shop.gymdesk.com\/signup\/v\/lGJaY\">\n\t\t\t\t\t\t<span class=\"elementor-button-content-wrapper\">\n\t\t\t\t\t\t\t\t\t<span class=\"elementor-button-text\">Consigue tu Free Day Pass<\/span>\n\t\t\t\t\t<\/span>\n\t\t\t\t\t<\/a>\n\t\t\t\t<\/div>\n\t\t\t\t\t\t\t\t<\/div>\n\t\t\t\t<\/div>\n\t\t\t\t\t<\/div>\n\t\t\t\t<\/div>\n\t\t\t\t<\/div>","protected":false},"excerpt":{"rendered":"<p>Come and try The Glute Shop for free and fall in love with the post workout glute burn! Your Free Day Pass includes \u2022 1 entry to the gym \u2022 Use of all equipment How it works \u2022 Available to use Monday to Thursday \u2022 Anytime between 0900 and 1600 \u2022 Gym access only, sorry [&hellip;]<\/p>\n","protected":false},"author":6,"featured_media":0,"parent":0,"menu_order":0,"comment_status":"closed","ping_status":"closed","template":"","meta":{"_acf_changed":false,"footnotes":""},"class_list":["post-26848","page","type-page","status-publish","hentry"],"acf":[],"yoast_head":"<!-- This site is optimized with the Yoast SEO plugin v27.5 - https:\/\/yoast.com\/product\/yoast-seo-wordpress\/ -->\n<title>Free Day Pass - The Glute Shop<\/title>\n<meta name=\"robots\" content=\"index, follow, max-snippet:-1, max-image-preview:large, max-video-preview:-1\" \/>\n<link rel=\"canonical\" href=\"https:\/\/theglute.shop\/es\/trial\/\" \/>\n<meta property=\"og:locale\" content=\"es_ES\" \/>\n<meta property=\"og:type\" content=\"article\" \/>\n<meta property=\"og:title\" content=\"Free Day Pass - The Glute Shop\" \/>\n<meta property=\"og:description\" content=\"Come and try The Glute Shop for free and fall in love with the post workout glute burn! Your Free Day Pass includes \u2022 1 entry to the gym \u2022 Use of all equipment How it works \u2022 Available to use Monday to Thursday \u2022 Anytime between 0900 and 1600 \u2022 Gym access only, sorry [&hellip;]\" \/>\n<meta property=\"og:url\" content=\"https:\/\/theglute.shop\/es\/trial\/\" \/>\n<meta property=\"og:site_name\" content=\"The Glute Shop\" \/>\n<meta property=\"article:modified_time\" content=\"2026-03-09T10:45:44+00:00\" \/>\n<script type=\"application\/ld+json\" class=\"yoast-schema-graph\">{\"@context\":\"https:\\\/\\\/schema.org\",\"@graph\":[{\"@type\":\"WebPage\",\"@id\":\"https:\\\/\\\/theglute.shop\\\/trial\\\/\",\"url\":\"https:\\\/\\\/theglute.shop\\\/trial\\\/\",\"name\":\"Free Day Pass - The Glute Shop\",\"isPartOf\":{\"@id\":\"https:\\\/\\\/theglute.shop\\\/#website\"},\"datePublished\":\"2025-12-06T15:31:56+00:00\",\"dateModified\":\"2026-03-09T10:45:44+00:00\",\"breadcrumb\":{\"@id\":\"https:\\\/\\\/theglute.shop\\\/trial\\\/#breadcrumb\"},\"inLanguage\":\"es\",\"potentialAction\":[{\"@type\":\"ReadAction\",\"target\":[\"https:\\\/\\\/theglute.shop\\\/trial\\\/\"]}]},{\"@type\":\"BreadcrumbList\",\"@id\":\"https:\\\/\\\/theglute.shop\\\/trial\\\/#breadcrumb\",\"itemListElement\":[{\"@type\":\"ListItem\",\"position\":1,\"name\":\"Home\",\"item\":\"https:\\\/\\\/theglute.shop\\\/\"},{\"@type\":\"ListItem\",\"position\":2,\"name\":\"Free Day Pass\"}]},{\"@type\":\"WebSite\",\"@id\":\"https:\\\/\\\/theglute.shop\\\/#website\",\"url\":\"https:\\\/\\\/theglute.shop\\\/\",\"name\":\"The Glute Shop\",\"description\":\"Women\u2019s Only Glute Gym in Palma\",\"publisher\":{\"@id\":\"https:\\\/\\\/theglute.shop\\\/#organization\"},\"potentialAction\":[{\"@type\":\"SearchAction\",\"target\":{\"@type\":\"EntryPoint\",\"urlTemplate\":\"https:\\\/\\\/theglute.shop\\\/?s={search_term_string}\"},\"query-input\":{\"@type\":\"PropertyValueSpecification\",\"valueRequired\":true,\"valueName\":\"search_term_string\"}}],\"inLanguage\":\"es\"},{\"@type\":\"Organization\",\"@id\":\"https:\\\/\\\/theglute.shop\\\/#organization\",\"name\":\"The Glute Shop\",\"url\":\"https:\\\/\\\/theglute.shop\\\/\",\"logo\":{\"@type\":\"ImageObject\",\"inLanguage\":\"es\",\"@id\":\"https:\\\/\\\/theglute.shop\\\/#\\\/schema\\\/logo\\\/image\\\/\",\"url\":\"https:\\\/\\\/theglute.shop\\\/wp-content\\\/uploads\\\/2025\\\/08\\\/logo-the-glute-shop.png\",\"contentUrl\":\"https:\\\/\\\/theglute.shop\\\/wp-content\\\/uploads\\\/2025\\\/08\\\/logo-the-glute-shop.png\",\"width\":265,\"height\":265,\"caption\":\"The Glute Shop\"},\"image\":{\"@id\":\"https:\\\/\\\/theglute.shop\\\/#\\\/schema\\\/logo\\\/image\\\/\"}}]}<\/script>\n<!-- \/ Yoast SEO plugin. -->","yoast_head_json":{"title":"Free Day Pass - The Glute Shop","robots":{"index":"index","follow":"follow","max-snippet":"max-snippet:-1","max-image-preview":"max-image-preview:large","max-video-preview":"max-video-preview:-1"},"canonical":"https:\/\/theglute.shop\/es\/trial\/","og_locale":"es_ES","og_type":"article","og_title":"Free Day Pass - The Glute Shop","og_description":"Come and try The Glute Shop for free and fall in love with the post workout glute burn! Your Free Day Pass includes \u2022 1 entry to the gym \u2022 Use of all equipment How it works \u2022 Available to use Monday to Thursday \u2022 Anytime between 0900 and 1600 \u2022 Gym access only, sorry [&hellip;]","og_url":"https:\/\/theglute.shop\/es\/trial\/","og_site_name":"The Glute Shop","article_modified_time":"2026-03-09T10:45:44+00:00","schema":{"@context":"https:\/\/schema.org","@graph":[{"@type":"WebPage","@id":"https:\/\/theglute.shop\/trial\/","url":"https:\/\/theglute.shop\/trial\/","name":"Free Day Pass - The Glute Shop","isPartOf":{"@id":"https:\/\/theglute.shop\/#website"},"datePublished":"2025-12-06T15:31:56+00:00","dateModified":"2026-03-09T10:45:44+00:00","breadcrumb":{"@id":"https:\/\/theglute.shop\/trial\/#breadcrumb"},"inLanguage":"es","potentialAction":[{"@type":"ReadAction","target":["https:\/\/theglute.shop\/trial\/"]}]},{"@type":"BreadcrumbList","@id":"https:\/\/theglute.shop\/trial\/#breadcrumb","itemListElement":[{"@type":"ListItem","position":1,"name":"Home","item":"https:\/\/theglute.shop\/"},{"@type":"ListItem","position":2,"name":"Free Day Pass"}]},{"@type":"WebSite","@id":"https:\/\/theglute.shop\/#website","url":"https:\/\/theglute.shop\/","name":"The Glute Shop","description":"Women\u2019s Only Glute Gym in Palma","publisher":{"@id":"https:\/\/theglute.shop\/#organization"},"potentialAction":[{"@type":"SearchAction","target":{"@type":"EntryPoint","urlTemplate":"https:\/\/theglute.shop\/?s={search_term_string}"},"query-input":{"@type":"PropertyValueSpecification","valueRequired":true,"valueName":"search_term_string"}}],"inLanguage":"es"},{"@type":"Organization","@id":"https:\/\/theglute.shop\/#organization","name":"The Glute Shop","url":"https:\/\/theglute.shop\/","logo":{"@type":"ImageObject","inLanguage":"es","@id":"https:\/\/theglute.shop\/#\/schema\/logo\/image\/","url":"https:\/\/theglute.shop\/wp-content\/uploads\/2025\/08\/logo-the-glute-shop.png","contentUrl":"https:\/\/theglute.shop\/wp-content\/uploads\/2025\/08\/logo-the-glute-shop.png","width":265,"height":265,"caption":"The Glute Shop"},"image":{"@id":"https:\/\/theglute.shop\/#\/schema\/logo\/image\/"}}]}},"_links":{"self":[{"href":"https:\/\/theglute.shop\/es\/wp-json\/wp\/v2\/pages\/26848","targetHints":{"allow":["GET"]}}],"collection":[{"href":"https:\/\/theglute.shop\/es\/wp-json\/wp\/v2\/pages"}],"about":[{"href":"https:\/\/theglute.shop\/es\/wp-json\/wp\/v2\/types\/page"}],"author":[{"embeddable":true,"href":"https:\/\/theglute.shop\/es\/wp-json\/wp\/v2\/users\/6"}],"replies":[{"embeddable":true,"href":"https:\/\/theglute.shop\/es\/wp-json\/wp\/v2\/comments?post=26848"}],"version-history":[{"count":26,"href":"https:\/\/theglute.shop\/es\/wp-json\/wp\/v2\/pages\/26848\/revisions"}],"predecessor-version":[{"id":33285,"href":"https:\/\/theglute.shop\/es\/wp-json\/wp\/v2\/pages\/26848\/revisions\/33285"}],"wp:attachment":[{"href":"https:\/\/theglute.shop\/es\/wp-json\/wp\/v2\/media?parent=26848"}],"curies":[{"name":"wp","href":"https:\/\/api.w.org\/{rel}","templated":true}]}}